{"id":75,"date":"2020-01-16T09:18:15","date_gmt":"2020-01-16T09:18:15","guid":{"rendered":"https:\/\/lerninsel-baetterkinden.ch\/?page_id=75"},"modified":"2020-01-16T09:22:00","modified_gmt":"2020-01-16T09:22:00","slug":"legasthenie-2","status":"publish","type":"page","link":"https:\/\/lerninsel-baetterkinden.ch\/?page_id=75","title":{"rendered":"Legasthenie"},"content":{"rendered":"\n<div class=\"wp-block-columns is-layout-flex wp-container-core-columns-is-layout-9d6595d7 wp-block-columns-is-layout-flex\">\n<div class=\"wp-block-column is-layout-flow wp-block-column-is-layout-flow\" style=\"flex-basis:33.33%\">\n<h1 class=\"has-text-color wp-block-heading\" style=\"color:#ffffff\">.<\/h1>\n\n\n\n<p class=\"news\">\u201eDer Mensch findet die gr\u00f6\u00dfte Freude in dem, was er selbst neu findet oder hinzulernt.\u201c<\/p>\n\n\n\n<p class=\"news\"><em>Daniel Wolf<\/em><\/p>\n<\/div>\n\n\n\n<div class=\"wp-block-column is-layout-flow wp-block-column-is-layout-flow\" style=\"flex-basis:66.66%\">\n<h1 class=\"wp-block-heading\">Legasthenie<\/h1>\n\n\n\n<p>Hat Ihr Kind Schwierigkeiten beim Lesen oder Schreiben?<\/p>\n\n\n\n<p>Dann melden Sie sich doch bei mir. Nach einem ausf\u00fchrlichen Gespr\u00e4ch und einem p\u00e4dagogischen Test werde ich einen speziell auf die Schwierigkeiten Ihres Kindes abgestimmten Trainingsplan ausarbeiten. Damit Sie auch zu Hause mit Ihrem Kind arbeiten k\u00f6nnen, werde ich Ihnen dazu Anleitungen geben. Es gen\u00fcgt nicht, nur an den Fehlern zu \u00fcben. Zus\u00e4tzlich ben\u00f6tigt Ihr Kind auch ein Aufmerksamkeits- und Sinneswahrnehmungstraining. Jede Legasthenie\/LRS ist individuell verschieden. Deshalb ben\u00f6tigt Ihr Kind eine individuelle F\u00f6rderung.<\/p>\n\n\n\n<p>Der F\u00f6rderunterricht findet ausserhalb des Schulunterrichts statt. Er kann zu einem beliebigen Zeitpunkt beginnen oder enden. Der Termin f\u00fcr die einzelnen Lektionen wird gemeinsam vereinbart. Tarif: CHF 60.\u2013 f\u00fcr eine Lektion \u00e0 60 Minuten<\/p>\n\n\n\n<h1 class=\"wp-block-heading\">Legasthenie f\u00fcr Erwachsene<\/h1>\n\n\n\n<p> Haben Sie grosse M\u00fche bei der Rechtschreibung oder lesen Sie sehr langsam? Gl\u00fccklicherweise ist es m\u00f6glich, ein erfolgreiches Legasthenietraining f\u00fcr Erwachsene zu gestalten. Es ist jedoch sehr aufw\u00e4ndig und zeitintensiv. Melden Sie sich bei mir f\u00fcr ein pers\u00f6nliches Gespr\u00e4ch, um Genaueres zu erfahren. <\/p>\n<\/div>\n<\/div>\n","protected":false},"excerpt":{"rendered":"<p>. \u201eDer Mensch findet die gr\u00f6\u00dfte Freude in dem, was er selbst neu findet oder hinzulernt.\u201c Daniel Wolf Legasthenie Hat Ihr Kind Schwierigkeiten beim Lesen oder Schreiben? Dann melden Sie sich doch bei mir. Nach einem ausf\u00fchrlichen Gespr\u00e4ch und einem p\u00e4dagogischen Test werde ich einen speziell auf die Schwierigkeiten Ihres Kindes abgestimmten Trainingsplan ausarbeiten. Damit [&hellip;]<\/p>\n","protected":false},"author":1,"featured_media":0,"parent":0,"menu_order":2,"comment_status":"closed","ping_status":"closed","template":"","meta":{"footnotes":""},"class_list":["post-75","page","type-page","status-publish","hentry"],"_links":{"self":[{"href":"https:\/\/lerninsel-baetterkinden.ch\/index.php?rest_route=\/wp\/v2\/pages\/75","targetHints":{"allow":["GET"]}}],"collection":[{"href":"https:\/\/lerninsel-baetterkinden.ch\/index.php?rest_route=\/wp\/v2\/pages"}],"about":[{"href":"https:\/\/lerninsel-baetterkinden.ch\/index.php?rest_route=\/wp\/v2\/types\/page"}],"author":[{"embeddable":true,"href":"https:\/\/lerninsel-baetterkinden.ch\/index.php?rest_route=\/wp\/v2\/users\/1"}],"replies":[{"embeddable":true,"href":"https:\/\/lerninsel-baetterkinden.ch\/index.php?rest_route=%2Fwp%2Fv2%2Fcomments&post=75"}],"version-history":[{"count":3,"href":"https:\/\/lerninsel-baetterkinden.ch\/index.php?rest_route=\/wp\/v2\/pages\/75\/revisions"}],"predecessor-version":[{"id":79,"href":"https:\/\/lerninsel-baetterkinden.ch\/index.php?rest_route=\/wp\/v2\/pages\/75\/revisions\/79"}],"wp:attachment":[{"href":"https:\/\/lerninsel-baetterkinden.ch\/index.php?rest_route=%2Fwp%2Fv2%2Fmedia&parent=75"}],"curies":[{"name":"wp","href":"https:\/\/api.w.org\/{rel}","templated":true}]}}