{"id":45,"date":"2020-01-16T07:54:48","date_gmt":"2020-01-16T07:54:48","guid":{"rendered":"https:\/\/lerninsel-baetterkinden.ch\/wordpress\/?page_id=45"},"modified":"2025-01-16T12:34:36","modified_gmt":"2025-01-16T12:34:36","slug":"kontakt","status":"publish","type":"page","link":"https:\/\/lerninsel-baetterkinden.ch\/?page_id=45","title":{"rendered":"Kontakt"},"content":{"rendered":"\n<div class=\"wp-block-columns is-layout-flex wp-container-core-columns-is-layout-9d6595d7 wp-block-columns-is-layout-flex\">\n<div class=\"wp-block-column is-layout-flow wp-block-column-is-layout-flow\" style=\"flex-basis:33.33%\">\n<h1 class=\"wp-block-heading has-text-color\" style=\"color:#ffffff\">.<\/h1>\n\n\n\n<p class=\"news\">&#171;Etwas lernen und mit der Zeit darin immer ge\u00fcbter werden, ist das nicht auch eine Freude?&#187; <\/p>\n\n\n\n<p class=\"news\"><em>Konfuzius <\/em><\/p>\n<\/div>\n\n\n\n<div class=\"wp-block-column is-layout-flow wp-block-column-is-layout-flow\" style=\"flex-basis:66.66%\">\n<h1 class=\"wp-block-heading\">Kontakt<\/h1>\n\n\n\n<p>\n\nRufen Sie mich an oder schreiben Sie mir eine E-Mail. Im pers\u00f6nlichen Gespr\u00e4ch zeige ich Ihnen gern, was ich f\u00fcr Sie und Ihr Kind tun kann.<\/p>\n\n\n\n<p>Frau<br>Sonja Michel-Gassmann<br>Waldstrasse 10<br>3315 B\u00e4tterkinden<\/p>\n\n\n\n<p>Tel: 032 665 20 03<\/p>\n\n\n\n<p>E-Mail:&nbsp;<a href=\"mailto:info@lerninsel-baetterkinden.ch\">info@lerninsel-baetterkinden.ch<\/a><\/p>\n<\/div>\n<\/div>\n","protected":false},"excerpt":{"rendered":"<p>. &#171;Etwas lernen und mit der Zeit darin immer ge\u00fcbter werden, ist das nicht auch eine Freude?&#187; Konfuzius Kontakt Rufen Sie mich an oder schreiben Sie mir eine E-Mail. Im pers\u00f6nlichen Gespr\u00e4ch zeige ich Ihnen gern, was ich f\u00fcr Sie und Ihr Kind tun kann. FrauSonja Michel-GassmannWaldstrasse 103315 B\u00e4tterkinden Tel: 032 665 20 03 E-Mail:&nbsp;info@lerninsel-baetterkinden.ch<\/p>\n","protected":false},"author":1,"featured_media":0,"parent":0,"menu_order":6,"comment_status":"closed","ping_status":"closed","template":"","meta":{"footnotes":""},"class_list":["post-45","page","type-page","status-publish","hentry"],"_links":{"self":[{"href":"https:\/\/lerninsel-baetterkinden.ch\/index.php?rest_route=\/wp\/v2\/pages\/45","targetHints":{"allow":["GET"]}}],"collection":[{"href":"https:\/\/lerninsel-baetterkinden.ch\/index.php?rest_route=\/wp\/v2\/pages"}],"about":[{"href":"https:\/\/lerninsel-baetterkinden.ch\/index.php?rest_route=\/wp\/v2\/types\/page"}],"author":[{"embeddable":true,"href":"https:\/\/lerninsel-baetterkinden.ch\/index.php?rest_route=\/wp\/v2\/users\/1"}],"replies":[{"embeddable":true,"href":"https:\/\/lerninsel-baetterkinden.ch\/index.php?rest_route=%2Fwp%2Fv2%2Fcomments&post=45"}],"version-history":[{"count":8,"href":"https:\/\/lerninsel-baetterkinden.ch\/index.php?rest_route=\/wp\/v2\/pages\/45\/revisions"}],"predecessor-version":[{"id":95,"href":"https:\/\/lerninsel-baetterkinden.ch\/index.php?rest_route=\/wp\/v2\/pages\/45\/revisions\/95"}],"wp:attachment":[{"href":"https:\/\/lerninsel-baetterkinden.ch\/index.php?rest_route=%2Fwp%2Fv2%2Fmedia&parent=45"}],"curies":[{"name":"wp","href":"https:\/\/api.w.org\/{rel}","templated":true}]}}