{"id":42,"date":"2020-01-16T07:52:46","date_gmt":"2020-01-16T07:52:46","guid":{"rendered":"https:\/\/lerninsel-baetterkinden.ch\/wordpress\/?page_id=42"},"modified":"2020-01-17T19:32:45","modified_gmt":"2020-01-17T19:32:45","slug":"ueber-mich","status":"publish","type":"page","link":"https:\/\/lerninsel-baetterkinden.ch\/?page_id=42","title":{"rendered":"\u00dcber mich"},"content":{"rendered":"\n<div class=\"wp-block-columns is-layout-flex wp-container-core-columns-is-layout-9d6595d7 wp-block-columns-is-layout-flex\">\n<div class=\"wp-block-column is-layout-flow wp-block-column-is-layout-flow\" style=\"flex-basis:33.33%\">\n<figure class=\"wp-block-image size-large\"><img loading=\"lazy\" decoding=\"async\" width=\"399\" height=\"600\" src=\"https:\/\/lerninsel-baetterkinden.ch\/wordpress\/wp-content\/uploads\/2020\/01\/portrait.jpg\" alt=\"\" class=\"wp-image-43\" srcset=\"https:\/\/lerninsel-baetterkinden.ch\/wp-content\/uploads\/2020\/01\/portrait.jpg 399w, https:\/\/lerninsel-baetterkinden.ch\/wp-content\/uploads\/2020\/01\/portrait-200x300.jpg 200w\" sizes=\"auto, (max-width: 399px) 100vw, 399px\" \/><\/figure>\n<\/div>\n\n\n\n<div class=\"wp-block-column is-layout-flow wp-block-column-is-layout-flow\" style=\"flex-basis:66.66%\">\n<h1 class=\"wp-block-heading\">\u00dcber mich<\/h1>\n\n\n\n<p>\n\nSonja Michel-Gassmann, diplomierte Kleinkinderzieherin<\/p>\n\n\n\n<p>Diplomierte Legasthenietrainerin\u00a0<a href=\"https:\/\/www.legasthenie.at\/\" target=\"_blank\" rel=\"noreferrer noopener\" aria-label=\"E\u00d6DL (\u00f6ffnet in einem neuem Tab)\">E\u00d6DL<\/a>\u00a0(Erster \u00d6sterreichischer Dachverband Legasthenie)seit 10.02.15<\/p>\n\n\n\n<p>Diplomierte Dyskalkulietrainerin\u00a0<a href=\"https:\/\/www.legasthenie.at\/\" target=\"_blank\" rel=\"noreferrer noopener\" aria-label=\"E\u00d6DL (\u00f6ffnet in einem neuem Tab)\">E\u00d6DL<\/a>\u00a0(Erster \u00d6sterreichischer Dachverband Legasthenie) seit 01.10.15<\/p>\n\n\n\n<p>Diplomierte Lerndidaktikerin <a href=\"https:\/\/www.legasthenie.at\/\">E\u00d6DL<\/a><br>(Erster \u00d6sterreichischer Dachverband Legasthenie)<br>seit 23.10.2019<\/p>\n\n\n\n<p>Verheiratet, engagierte Mutter von 2 erwachsenen Kindern.<\/p>\n\n\n\n<p>Seit dem Jahr 2000 erteile ich Nachhilfe-Unterricht und f\u00f6rdere Sch\u00fclerinnen und Sch\u00fcler, die aus verschiedenen Gr\u00fcnden zus\u00e4tzliche Unterst\u00fctzung beim Lernen brauchen.\n\n<\/p>\n<\/div>\n<\/div>\n","protected":false},"excerpt":{"rendered":"<p>\u00dcber mich Sonja Michel-Gassmann, diplomierte Kleinkinderzieherin Diplomierte Legasthenietrainerin\u00a0E\u00d6DL\u00a0(Erster \u00d6sterreichischer Dachverband Legasthenie)seit 10.02.15 Diplomierte Dyskalkulietrainerin\u00a0E\u00d6DL\u00a0(Erster \u00d6sterreichischer Dachverband Legasthenie) seit 01.10.15 Diplomierte Lerndidaktikerin E\u00d6DL(Erster \u00d6sterreichischer Dachverband Legasthenie)seit 23.10.2019 Verheiratet, engagierte Mutter von 2 erwachsenen Kindern. Seit dem Jahr 2000 erteile ich Nachhilfe-Unterricht und f\u00f6rdere Sch\u00fclerinnen und Sch\u00fcler, die aus verschiedenen Gr\u00fcnden zus\u00e4tzliche Unterst\u00fctzung beim Lernen brauchen.<\/p>\n","protected":false},"author":1,"featured_media":0,"parent":0,"menu_order":5,"comment_status":"closed","ping_status":"closed","template":"","meta":{"footnotes":""},"class_list":["post-42","page","type-page","status-publish","hentry"],"_links":{"self":[{"href":"https:\/\/lerninsel-baetterkinden.ch\/index.php?rest_route=\/wp\/v2\/pages\/42","targetHints":{"allow":["GET"]}}],"collection":[{"href":"https:\/\/lerninsel-baetterkinden.ch\/index.php?rest_route=\/wp\/v2\/pages"}],"about":[{"href":"https:\/\/lerninsel-baetterkinden.ch\/index.php?rest_route=\/wp\/v2\/types\/page"}],"author":[{"embeddable":true,"href":"https:\/\/lerninsel-baetterkinden.ch\/index.php?rest_route=\/wp\/v2\/users\/1"}],"replies":[{"embeddable":true,"href":"https:\/\/lerninsel-baetterkinden.ch\/index.php?rest_route=%2Fwp%2Fv2%2Fcomments&post=42"}],"version-history":[{"count":3,"href":"https:\/\/lerninsel-baetterkinden.ch\/index.php?rest_route=\/wp\/v2\/pages\/42\/revisions"}],"predecessor-version":[{"id":87,"href":"https:\/\/lerninsel-baetterkinden.ch\/index.php?rest_route=\/wp\/v2\/pages\/42\/revisions\/87"}],"wp:attachment":[{"href":"https:\/\/lerninsel-baetterkinden.ch\/index.php?rest_route=%2Fwp%2Fv2%2Fmedia&parent=42"}],"curies":[{"name":"wp","href":"https:\/\/api.w.org\/{rel}","templated":true}]}}