{"id":12,"date":"2020-01-15T18:41:53","date_gmt":"2020-01-15T18:41:53","guid":{"rendered":"https:\/\/lerninsel-baetterkinden.ch\/wordpress\/?page_id=12"},"modified":"2025-01-16T12:16:11","modified_gmt":"2025-01-16T12:16:11","slug":"lernhilfe","status":"publish","type":"page","link":"https:\/\/lerninsel-baetterkinden.ch\/?page_id=12","title":{"rendered":"Lernhilfe"},"content":{"rendered":"\n<div class=\"wp-block-columns is-layout-flex wp-container-core-columns-is-layout-9d6595d7 wp-block-columns-is-layout-flex\">\n<div class=\"wp-block-column is-layout-flow wp-block-column-is-layout-flow\" style=\"flex-basis:33.33%\">\n<h1 class=\"wp-block-heading has-text-color\" style=\"color:#ffffff\">.<\/h1>\n\n\n\n<p class=\"news\"> &#171;Lernen ist wie Rudern gegen den Strom. H\u00f6rt man damit auf, treibt man zur\u00fcck.&#187; <\/p>\n\n\n\n<p class=\"news\"><em>Laozi <\/em><\/p>\n<\/div>\n\n\n\n<div class=\"wp-block-column is-layout-flow wp-block-column-is-layout-flow\" style=\"flex-basis:66.66%\">\n<h1 class=\"wp-block-heading\">Individuelle F\u00f6rderung und Aufgabenhilfe<\/h1>\n\n\n\n<p>\n\nIn allen unterrichteten Schulf\u00e4chern f\u00fcr Sch\u00fclerinnen und Sch\u00fcler der 1. bis 9. Klasse.<\/p>\n\n\n\n<p>Die individuelle Lernhilfe ist ideal f\u00fcr Kinder, die<br>&#8211; sich in einem bestimmten Fach verbessern m\u00f6chten<br>&#8211; Unterst\u00fctzung beim Erledigen der Hausaufgaben ben\u00f6tigen<br>&#8211; Anleitung brauchen, um zu lernen und den Schulstoff zu verarbeiten<\/p>\n\n\n\n<p>Der F\u00f6rderunterricht findet ausserhalb des Schulunterrichts statt. Er kann zu einem beliebigen Zeitpunkt beginnen oder enden. Der Termin f\u00fcr die einzelnen Lektionen wird gemeinsam vereinbart.<br>Tarif: auf Anfrage<\/p>\n<\/div>\n<\/div>\n","protected":false},"excerpt":{"rendered":"<p>. &#171;Lernen ist wie Rudern gegen den Strom. H\u00f6rt man damit auf, treibt man zur\u00fcck.&#187; Laozi Individuelle F\u00f6rderung und Aufgabenhilfe In allen unterrichteten Schulf\u00e4chern f\u00fcr Sch\u00fclerinnen und Sch\u00fcler der 1. bis 9. Klasse. Die individuelle Lernhilfe ist ideal f\u00fcr Kinder, die&#8211; sich in einem bestimmten Fach verbessern m\u00f6chten&#8211; Unterst\u00fctzung beim Erledigen der Hausaufgaben ben\u00f6tigen&#8211; Anleitung [&hellip;]<\/p>\n","protected":false},"author":1,"featured_media":0,"parent":0,"menu_order":1,"comment_status":"closed","ping_status":"closed","template":"","meta":{"footnotes":""},"class_list":["post-12","page","type-page","status-publish","hentry"],"_links":{"self":[{"href":"https:\/\/lerninsel-baetterkinden.ch\/index.php?rest_route=\/wp\/v2\/pages\/12","targetHints":{"allow":["GET"]}}],"collection":[{"href":"https:\/\/lerninsel-baetterkinden.ch\/index.php?rest_route=\/wp\/v2\/pages"}],"about":[{"href":"https:\/\/lerninsel-baetterkinden.ch\/index.php?rest_route=\/wp\/v2\/types\/page"}],"author":[{"embeddable":true,"href":"https:\/\/lerninsel-baetterkinden.ch\/index.php?rest_route=\/wp\/v2\/users\/1"}],"replies":[{"embeddable":true,"href":"https:\/\/lerninsel-baetterkinden.ch\/index.php?rest_route=%2Fwp%2Fv2%2Fcomments&post=12"}],"version-history":[{"count":8,"href":"https:\/\/lerninsel-baetterkinden.ch\/index.php?rest_route=\/wp\/v2\/pages\/12\/revisions"}],"predecessor-version":[{"id":94,"href":"https:\/\/lerninsel-baetterkinden.ch\/index.php?rest_route=\/wp\/v2\/pages\/12\/revisions\/94"}],"wp:attachment":[{"href":"https:\/\/lerninsel-baetterkinden.ch\/index.php?rest_route=%2Fwp%2Fv2%2Fmedia&parent=12"}],"curies":[{"name":"wp","href":"https:\/\/api.w.org\/{rel}","templated":true}]}}